{"id":2997,"date":"2023-01-02T15:22:40","date_gmt":"2023-01-02T14:22:40","guid":{"rendered":"https:\/\/intraco.es\/iso-9001\/"},"modified":"2023-02-13T16:35:49","modified_gmt":"2023-02-13T15:35:49","slug":"iso-9001","status":"publish","type":"page","link":"https:\/\/intraco.es\/de\/iso-9001\/","title":{"rendered":"Iso 9001"},"content":{"rendered":"<style>.elementor-2997 .elementor-element.elementor-element-f5ebb58{--display:flex;--min-height:100vh;--flex-direction:row;--container-widget-width:initial;--container-widget-height:100%;--container-widget-flex-grow:1;--container-widget-align-self:stretch;--flex-wrap-mobile:wrap;--gap:0px 0px;--row-gap:0px;--column-gap:0px;--flex-wrap:wrap;--margin-top:-80px;--margin-bottom:0px;--margin-left:0px;--margin-right:0px;--padding-top:12%;--padding-bottom:0%;--padding-left:6%;--padding-right:6%;}.elementor-2997 .elementor-element.elementor-element-f5ebb58:not(.elementor-motion-effects-element-type-background), .elementor-2997 .elementor-element.elementor-element-f5ebb58 > .elementor-motion-effects-container > .elementor-motion-effects-layer{background-color:var( --e-global-color-primary );background-image:url(\"https:\/\/intraco.es\/wp-content\/uploads\/vertical-trazo.svg\");background-position:105% 100%;background-repeat:no-repeat;background-size:contain;}.elementor-2997 .elementor-element.elementor-element-6964bef{--display:flex;--flex-direction:column;--container-widget-width:100%;--container-widget-height:initial;--container-widget-flex-grow:0;--container-widget-align-self:initial;--flex-wrap-mobile:wrap;--justify-content:flex-start;--padding-top:6%;--padding-bottom:6%;--padding-left:0%;--padding-right:0%;}.elementor-widget-divider{--divider-color:var( --e-global-color-secondary );}.elementor-widget-divider .elementor-divider__text{color:var( --e-global-color-secondary );font-family:var( --e-global-typography-secondary-font-family ), Sans-serif;font-weight:var( --e-global-typography-secondary-font-weight );}.elementor-widget-divider.elementor-view-stacked .elementor-icon{background-color:var( --e-global-color-secondary );}.elementor-widget-divider.elementor-view-framed .elementor-icon, .elementor-widget-divider.elementor-view-default .elementor-icon{color:var( --e-global-color-secondary );border-color:var( --e-global-color-secondary );}.elementor-widget-divider.elementor-view-framed .elementor-icon, .elementor-widget-divider.elementor-view-default .elementor-icon svg{fill:var( --e-global-color-secondary );}.elementor-2997 .elementor-element.elementor-element-834a73d{--divider-border-style:solid;--divider-color:var( --e-global-color-secondary );--divider-border-width:1px;}.elementor-2997 .elementor-element.elementor-element-834a73d .elementor-divider-separator{width:12%;}.elementor-2997 .elementor-element.elementor-element-834a73d .elementor-divider{padding-block-start:15px;padding-block-end:15px;}.elementor-widget-heading .elementor-heading-title{font-family:var( --e-global-typography-primary-font-family ), Sans-serif;font-weight:var( --e-global-typography-primary-font-weight );color:var( --e-global-color-primary );}.elementor-2997 .elementor-element.elementor-element-508247b .elementor-heading-title{font-family:\"Gotham\", Sans-serif;font-weight:400;color:var( --e-global-color-text );}.elementor-widget-text-editor{font-family:var( --e-global-typography-text-font-family ), Sans-serif;font-weight:var( --e-global-typography-text-font-weight );color:var( --e-global-color-text );}.elementor-widget-text-editor.elementor-drop-cap-view-stacked .elementor-drop-cap{background-color:var( --e-global-color-primary );}.elementor-widget-text-editor.elementor-drop-cap-view-framed .elementor-drop-cap, .elementor-widget-text-editor.elementor-drop-cap-view-default .elementor-drop-cap{color:var( --e-global-color-primary );border-color:var( --e-global-color-primary );}.elementor-2997 .elementor-element.elementor-element-ef8bf36{color:var( --e-global-color-text );}.elementor-2997 .elementor-element.elementor-element-a382167 .elementor-heading-title{font-family:\"Gotham\", Sans-serif;font-weight:400;color:var( --e-global-color-text );}.elementor-widget-image .widget-image-caption{color:var( --e-global-color-text );font-family:var( --e-global-typography-text-font-family ), Sans-serif;font-weight:var( --e-global-typography-text-font-weight );}.elementor-2997 .elementor-element.elementor-element-8d8967c{text-align:start;}.elementor-2997 .elementor-element.elementor-element-8d8967c img{width:24%;}:root{--page-title-display:none;}@media(min-width:768px){.elementor-2997 .elementor-element.elementor-element-f5ebb58{--width:100vw;}.elementor-2997 .elementor-element.elementor-element-6964bef{--width:60%;}}@media(max-width:1200px) and (min-width:768px){.elementor-2997 .elementor-element.elementor-element-6964bef{--width:80%;}}@media(max-width:1024px) and (min-width:768px){.elementor-2997 .elementor-element.elementor-element-f5ebb58{--width:100vw;}.elementor-2997 .elementor-element.elementor-element-6964bef{--width:80%;}}@media(max-width:880px) and (min-width:768px){.elementor-2997 .elementor-element.elementor-element-6964bef{--width:650px;}}@media(min-width:2400px){.elementor-2997 .elementor-element.elementor-element-8d8967c img{width:233px;}}@media(max-width:1024px){.elementor-2997 .elementor-element.elementor-element-f5ebb58:not(.elementor-motion-effects-element-type-background), .elementor-2997 .elementor-element.elementor-element-f5ebb58 > .elementor-motion-effects-container > .elementor-motion-effects-layer{background-position:220% 100%;}.elementor-2997 .elementor-element.elementor-element-f5ebb58{--padding-top:12%;--padding-bottom:12%;--padding-left:6%;--padding-right:6%;}.elementor-2997 .elementor-element.elementor-element-6964bef{--padding-top:12%;--padding-bottom:0%;--padding-left:0%;--padding-right:0%;}}@media(max-width:880px){.elementor-2997 .elementor-element.elementor-element-f5ebb58:not(.elementor-motion-effects-element-type-background), .elementor-2997 .elementor-element.elementor-element-f5ebb58 > .elementor-motion-effects-container > .elementor-motion-effects-layer{background-position:160px -9%;}}@media(max-width:767px){.elementor-2997 .elementor-element.elementor-element-f5ebb58{--min-height:100vh;--padding-top:20%;--padding-bottom:12%;--padding-left:6%;--padding-right:6%;}.elementor-2997 .elementor-element.elementor-element-f5ebb58:not(.elementor-motion-effects-element-type-background), .elementor-2997 .elementor-element.elementor-element-f5ebb58 > .elementor-motion-effects-container > .elementor-motion-effects-layer{background-image:url(\"https:\/\/intraco.es\/wp-content\/uploads\/trazo-corto.svg\");background-position:100% 0%;background-size:cover;}.elementor-2997 .elementor-element.elementor-element-6964bef{--flex-direction:column;--container-widget-width:100%;--container-widget-height:initial;--container-widget-flex-grow:0;--container-widget-align-self:initial;--flex-wrap-mobile:wrap;--padding-top:60%;--padding-bottom:0%;--padding-left:0%;--padding-right:0%;}.elementor-2997 .elementor-element.elementor-element-508247b .elementor-heading-title{font-size:28px;}.elementor-2997 .elementor-element.elementor-element-a382167 .elementor-heading-title{font-size:28px;}.elementor-2997 .elementor-element.elementor-element-8d8967c img{width:62%;}}\/* Start Custom Fonts CSS *\/@font-face {\n\tfont-family: 'Gotham';\n\tfont-style: normal;\n\tfont-weight: 200;\n\tfont-display: auto;\n\tsrc: url('http:\/\/intraco.es\/wp-content\/uploads\/Gotham-Light.woff') format('woff');\n}\n@font-face {\n\tfont-family: 'Gotham';\n\tfont-style: normal;\n\tfont-weight: 100;\n\tfont-display: auto;\n\tsrc: url('http:\/\/intraco.es\/wp-content\/uploads\/Gotham-ExtraLightItalic.woff') format('woff');\n}\n@font-face {\n\tfont-family: 'Gotham';\n\tfont-style: normal;\n\tfont-weight: 400;\n\tfont-display: auto;\n\tsrc: url('http:\/\/intraco.es\/wp-content\/uploads\/Gotham-Medium.woff') format('woff');\n}\n@font-face {\n\tfont-family: 'Gotham';\n\tfont-style: normal;\n\tfont-weight: 500;\n\tfont-display: auto;\n\tsrc: url('http:\/\/intraco.es\/wp-content\/uploads\/Gotham-Bold.woff') format('woff');\n}\n@font-face {\n\tfont-family: 'Gotham';\n\tfont-style: normal;\n\tfont-weight: normal;\n\tfont-display: auto;\n\tsrc: ;\n}\n@font-face {\n\tfont-family: 'Gotham';\n\tfont-style: normal;\n\tfont-weight: 300;\n\tfont-display: auto;\n\tsrc: url('http:\/\/intraco.es\/wp-content\/uploads\/Gotham-Book.woff') format('woff');\n}\n\/* End Custom Fonts CSS *\/<\/style>\t\t<div data-elementor-type=\"wp-page\" data-elementor-id=\"2997\" class=\"elementor elementor-2997 elementor-2095\" data-elementor-post-type=\"page\">\n\t\t\t\t<div class=\"elementor-element elementor-element-f5ebb58 e-con-full e-flex e-con e-parent\" data-id=\"f5ebb58\" data-element_type=\"container\" data-e-type=\"container\" data-settings=\"{&quot;background_background&quot;:&quot;classic&quot;}\">\n\t\t<div class=\"elementor-element elementor-element-6964bef e-con-full e-flex e-con e-parent\" data-id=\"6964bef\" data-element_type=\"container\" data-e-type=\"container\">\n\t\t\t\t<div class=\"elementor-element elementor-element-834a73d elementor-widget-divider--view-line elementor-widget elementor-widget-divider\" data-id=\"834a73d\" data-element_type=\"widget\" data-e-type=\"widget\" data-widget_type=\"divider.default\">\n\t\t\t\t<div class=\"elementor-widget-container\">\n\t\t\t\t\t\t\t<div class=\"elementor-divider\">\n\t\t\t<span class=\"elementor-divider-separator\">\n\t\t\t\t\t\t<\/span>\n\t\t<\/div>\n\t\t\t\t\t\t<\/div>\n\t\t\t\t<\/div>\n\t\t\t\t<div class=\"elementor-element elementor-element-508247b elementor-widget elementor-widget-heading\" data-id=\"508247b\" data-element_type=\"widget\" data-e-type=\"widget\" data-widget_type=\"heading.default\">\n\t\t\t\t<div class=\"elementor-widget-container\">\n\t\t\t\t\t<h1 class=\"elementor-heading-title elementor-size-default\">Intraco, ein Unternehmen, das sich f\u00fcr die Qualit\u00e4t seiner Dienstleistungen einsetzt.<\/h1>\t\t\t\t<\/div>\n\t\t\t\t<\/div>\n\t\t\t\t<div class=\"elementor-element elementor-element-ef8bf36 elementor-widget elementor-widget-text-editor\" data-id=\"ef8bf36\" data-element_type=\"widget\" data-e-type=\"widget\" data-widget_type=\"text-editor.default\">\n\t\t\t\t<div class=\"elementor-widget-container\">\n\t\t\t\t\t\t\t\t\t<p>Bei Intraco arbeiten wir jeden Tag daran, die Qualit\u00e4t und Zuverl\u00e4ssigkeit unserer Dienstleistungen zu gew\u00e4hrleisten. Unser Engagement f\u00fcr Qualit\u00e4t wird durch die Zertifizierung nach ISO 9001 best\u00e4tigt. Unser Ziel ist es, gemeinsam mit unseren Kunden an der kontinuierlichen Verbesserung unserer Dienstleistungen zu arbeiten.<\/p>\n\t\t\t\t\t\t\t\t<\/div>\n\t\t\t\t<\/div>\n\t\t\t\t<div class=\"elementor-element elementor-element-a382167 elementor-widget elementor-widget-heading\" data-id=\"a382167\" data-element_type=\"widget\" data-e-type=\"widget\" data-widget_type=\"heading.default\">\n\t\t\t\t<div class=\"elementor-widget-container\">\n\t\t\t\t\t<h2 class=\"elementor-heading-title elementor-size-default\">Qualit\u00e4tsrichtlinie ISO 9001<\/h2>\t\t\t\t<\/div>\n\t\t\t\t<\/div>\n\t\t\t\t<div class=\"elementor-element elementor-element-30730ef elementor-widget elementor-widget-text-editor\" data-id=\"30730ef\" data-element_type=\"widget\" data-e-type=\"widget\" data-widget_type=\"text-editor.default\">\n\t\t\t\t<div class=\"elementor-widget-container\">\n\t\t\t\t\t\t\t\t\t<p>Intraco ist seit 2008 nach ISO 9001 zertifiziert.<\/p>\n<p>Die Gesch\u00e4ftsleitung von Intraco S.L.U. ist sich ihrer Verpflichtung gegen\u00fcber ihren Kunden sowie der aktuellen Marktentwicklung und des Wettbewerbs im Bereich der Speditionsdienstleistungen f\u00fcr den internationalen Transport von G\u00fctern auf dem See-, Luft- und Landweg sowie der Logistikdienstleistungen f\u00fcr Lagerung, Kommissionierung und Versand bewusst und hat sich verpflichtet, in ihrer Organisation ein Qualit\u00e4tsmanagementsystem auf der Grundlage der ISO 9001 zu entwickeln und einzuf\u00fchren, um die folgenden Ziele zu erreichen:<\/p>\n<ul>\n<li>Gew\u00e4hrleistung der Qualit\u00e4t und Zuverl\u00e4ssigkeit unserer Dienstleistung.<\/li>\n<li>Bereitstellung einer Dienstleistung, die den Anforderungen und Bed\u00fcrfnissen unserer Kunden gerecht wird.<\/li>\n<li>Pflege des Kontakts mit unseren Kunden, um gemeinsam an der kontinuierlichen Verbesserung unserer Dienstleistungen zu arbeiten.<\/li>\n<li>Schulung, Motivation und Einbeziehung aller Mitarbeiter in das Management und die Entwicklung des eingef\u00fchrten Qualit\u00e4tsmanagementsystems.<\/li>\n<li>Entwicklung eines partizipativen Qualit\u00e4tsmanagements, das die F\u00e4higkeiten des gesamten Personals aussch\u00f6pft. Die Gesch\u00e4ftsleitung legt im Rahmen des Qualit\u00e4tsmanagementsystems von Intraco S.L.U. die Pl\u00e4ne und Ressourcen fest, die erforderlich sind, um die in der Qualit\u00e4tsrichtlinie festgelegten Ziele zu erreichen. Das Qualit\u00e4tshandbuch ist das Dokument, in dem die Philosophie und die Richtlinien des Qualit\u00e4tsmanagementsystems dargelegt sind und das allen Mitarbeitern auf Anfrage zur Verf\u00fcgung gestellt wird. Es liegt in der Verantwortung des gesamten Personals von Intraco S.L.U., die Bestimmungen des Qualit\u00e4tsmanagementsystems einzuhalten, und grunds\u00e4tzlich auch der Personen, die mit der Durchf\u00fchrung der in diesem System enthaltenen T\u00e4tigkeiten betraut sind. Diese Qualit\u00e4tsrichtlinie wird in regelm\u00e4\u00dfigen Abst\u00e4nden von der Gesch\u00e4ftsleitung \u00fcberpr\u00fcft, um die Wirksamkeit der festgelegten Ziele zu gew\u00e4hrleisten oder um sie an m\u00f6gliche \u00c4nderungen, die das System betreffen, anzupassen.<\/li>\n<\/ul>\n<div> <\/div>\n<p><span style=\"color: #eb0045;\"><strong>GESCH\u00c4FTSLEITUNG<\/strong><\/span><\/p>\n<p>15. Mai 2017<\/p>\n\t\t\t\t\t\t\t\t<\/div>\n\t\t\t\t<\/div>\n\t\t\t\t<div class=\"elementor-element elementor-element-8d8967c elementor-widget elementor-widget-image\" data-id=\"8d8967c\" data-element_type=\"widget\" data-e-type=\"widget\" data-widget_type=\"image.default\">\n\t\t\t\t<div class=\"elementor-widget-container\">\n\t\t\t\t\t\t\t\t\t\t\t\t\t\t\t<img decoding=\"async\" width=\"162\" height=\"71\" src=\"https:\/\/intraco.es\/wp-content\/uploads\/logo-iso-9001-blanco.svg\" class=\"attachment-large size-large wp-image-2960\" alt=\"Logotipo ISO 9001 blanco\" \/>\t\t\t\t\t\t\t\t\t\t\t\t\t\t\t<\/div>\n\t\t\t\t<\/div>\n\t\t\t\t<\/div>\n\t\t\t\t<\/div>\n\t\t\t\t<\/div>\n\t\t","protected":false},"excerpt":{"rendered":"<p>Intraco, ein Unternehmen, das sich f\u00fcr die Qualit\u00e4t seiner Dienstleistungen einsetzt. Bei Intraco arbeiten wir jeden Tag daran, die Qualit\u00e4t und Zuverl\u00e4ssigkeit unserer Dienstleistungen zu gew\u00e4hrleisten. Unser Engagement f\u00fcr Qualit\u00e4t wird durch die Zertifizierung nach ISO 9001 best\u00e4tigt. Unser Ziel ist es, gemeinsam mit unseren Kunden an der kontinuierlichen Verbesserung unserer Dienstleistungen zu arbeiten. Qualit\u00e4tsrichtlinie [&hellip;]<\/p>\n","protected":false},"author":1,"featured_media":0,"parent":0,"menu_order":0,"comment_status":"closed","ping_status":"closed","template":"","meta":{"footnotes":""},"class_list":["post-2997","page","type-page","status-publish","hentry"],"yoast_head":"<!-- This site is optimized with the Yoast SEO plugin v27.4 - https:\/\/yoast.com\/product\/yoast-seo-wordpress\/ -->\n<title>ISO 9001. Qualit\u00e4tszertifikat<\/title>\n<meta name=\"description\" content=\"Wir arbeiten daran, die Qualit\u00e4t unserer Dienstleistungen sicherzustellen. Unser Engagement f\u00fcr Qualit\u00e4t wird durch die Zertifizierung nach ISO 9001 best\u00e4tigt.\" \/>\n<meta name=\"robots\" content=\"noindex, nofollow\" \/>\n<meta property=\"og:locale\" content=\"de_DE\" \/>\n<meta property=\"og:type\" content=\"article\" \/>\n<meta property=\"og:title\" content=\"ISO 9001. Qualit\u00e4tszertifikat\" \/>\n<meta property=\"og:description\" content=\"Wir arbeiten daran, die Qualit\u00e4t unserer Dienstleistungen sicherzustellen. Unser Engagement f\u00fcr Qualit\u00e4t wird durch die Zertifizierung nach ISO 9001 best\u00e4tigt.\" \/>\n<meta property=\"og:url\" content=\"https:\/\/intraco.es\/iso-9001\/\" \/>\n<meta property=\"og:site_name\" content=\"Intraco\" \/>\n<meta property=\"article:modified_time\" content=\"2023-02-13T15:35:49+00:00\" \/>\n<meta property=\"og:image\" content=\"https:\/\/intraco.es\/wp-content\/uploads\/logo-iso-9001-blanco.svg\" \/>\n<meta name=\"twitter:card\" content=\"summary_large_image\" \/>\n<meta name=\"twitter:label1\" content=\"Gesch\u00e4tzte Lesezeit\" \/>\n\t<meta name=\"twitter:data1\" content=\"2\u00a0Minuten\" \/>\n<script type=\"application\/ld+json\" class=\"yoast-schema-graph\">{\"@context\":\"https:\\\/\\\/schema.org\",\"@graph\":[{\"@type\":\"Article\",\"@id\":\"https:\\\/\\\/intraco.es\\\/iso-9001\\\/#article\",\"isPartOf\":{\"@id\":\"https:\\\/\\\/intraco.es\\\/iso-9001\\\/\"},\"author\":{\"name\":\"Render Intraco\",\"@id\":\"https:\\\/\\\/intraco.es\\\/#\\\/schema\\\/person\\\/c337528cadcec0181246dcde629129c4\"},\"headline\":\"Iso 9001\",\"datePublished\":\"2023-01-02T14:22:40+00:00\",\"dateModified\":\"2023-02-13T15:35:49+00:00\",\"mainEntityOfPage\":{\"@id\":\"https:\\\/\\\/intraco.es\\\/iso-9001\\\/\"},\"wordCount\":358,\"publisher\":{\"@id\":\"https:\\\/\\\/intraco.es\\\/#organization\"},\"image\":{\"@id\":\"https:\\\/\\\/intraco.es\\\/iso-9001\\\/#primaryimage\"},\"thumbnailUrl\":\"https:\\\/\\\/intraco.es\\\/wp-content\\\/uploads\\\/logo-iso-9001-blanco.svg\",\"inLanguage\":\"de\"},{\"@type\":\"WebPage\",\"@id\":\"https:\\\/\\\/intraco.es\\\/iso-9001\\\/\",\"url\":\"https:\\\/\\\/intraco.es\\\/iso-9001\\\/\",\"name\":\"ISO 9001. Qualit\u00e4tszertifikat\",\"isPartOf\":{\"@id\":\"https:\\\/\\\/intraco.es\\\/#website\"},\"primaryImageOfPage\":{\"@id\":\"https:\\\/\\\/intraco.es\\\/iso-9001\\\/#primaryimage\"},\"image\":{\"@id\":\"https:\\\/\\\/intraco.es\\\/iso-9001\\\/#primaryimage\"},\"thumbnailUrl\":\"https:\\\/\\\/intraco.es\\\/wp-content\\\/uploads\\\/logo-iso-9001-blanco.svg\",\"datePublished\":\"2023-01-02T14:22:40+00:00\",\"dateModified\":\"2023-02-13T15:35:49+00:00\",\"description\":\"Wir arbeiten daran, die Qualit\u00e4t unserer Dienstleistungen sicherzustellen. Unser Engagement f\u00fcr Qualit\u00e4t wird durch die Zertifizierung nach ISO 9001 best\u00e4tigt.\",\"breadcrumb\":{\"@id\":\"https:\\\/\\\/intraco.es\\\/iso-9001\\\/#breadcrumb\"},\"inLanguage\":\"de\",\"potentialAction\":[{\"@type\":\"ReadAction\",\"target\":[\"https:\\\/\\\/intraco.es\\\/iso-9001\\\/\"]}]},{\"@type\":\"ImageObject\",\"inLanguage\":\"de\",\"@id\":\"https:\\\/\\\/intraco.es\\\/iso-9001\\\/#primaryimage\",\"url\":\"https:\\\/\\\/intraco.es\\\/wp-content\\\/uploads\\\/logo-iso-9001-blanco.svg\",\"contentUrl\":\"https:\\\/\\\/intraco.es\\\/wp-content\\\/uploads\\\/logo-iso-9001-blanco.svg\"},{\"@type\":\"BreadcrumbList\",\"@id\":\"https:\\\/\\\/intraco.es\\\/iso-9001\\\/#breadcrumb\",\"itemListElement\":[{\"@type\":\"ListItem\",\"position\":1,\"name\":\"Portada\",\"item\":\"https:\\\/\\\/intraco.es\\\/de\\\/start\\\/\"},{\"@type\":\"ListItem\",\"position\":2,\"name\":\"Iso 9001\"}]},{\"@type\":\"WebSite\",\"@id\":\"https:\\\/\\\/intraco.es\\\/#website\",\"url\":\"https:\\\/\\\/intraco.es\\\/\",\"name\":\"Intraco\",\"description\":\"Operador log\u00edstico de transporte internacional\",\"publisher\":{\"@id\":\"https:\\\/\\\/intraco.es\\\/#organization\"},\"alternateName\":\"Intraco S.L.U.\",\"potentialAction\":[{\"@type\":\"SearchAction\",\"target\":{\"@type\":\"EntryPoint\",\"urlTemplate\":\"https:\\\/\\\/intraco.es\\\/?s={search_term_string}\"},\"query-input\":{\"@type\":\"PropertyValueSpecification\",\"valueRequired\":true,\"valueName\":\"search_term_string\"}}],\"inLanguage\":\"de\"},{\"@type\":\"Organization\",\"@id\":\"https:\\\/\\\/intraco.es\\\/#organization\",\"name\":\"Intraco\",\"alternateName\":\"Intraco S.L.U.\",\"url\":\"https:\\\/\\\/intraco.es\\\/\",\"logo\":{\"@type\":\"ImageObject\",\"inLanguage\":\"de\",\"@id\":\"https:\\\/\\\/intraco.es\\\/#\\\/schema\\\/logo\\\/image\\\/\",\"url\":\"https:\\\/\\\/intraco.es\\\/wp-content\\\/uploads\\\/cropped-fav-icon-intraco.png\",\"contentUrl\":\"https:\\\/\\\/intraco.es\\\/wp-content\\\/uploads\\\/cropped-fav-icon-intraco.png\",\"width\":142,\"height\":127,\"caption\":\"Intraco\"},\"image\":{\"@id\":\"https:\\\/\\\/intraco.es\\\/#\\\/schema\\\/logo\\\/image\\\/\"}},{\"@type\":\"Person\",\"@id\":\"https:\\\/\\\/intraco.es\\\/#\\\/schema\\\/person\\\/c337528cadcec0181246dcde629129c4\",\"name\":\"Render Intraco\",\"image\":{\"@type\":\"ImageObject\",\"inLanguage\":\"de\",\"@id\":\"https:\\\/\\\/intraco.es\\\/wp-content\\\/litespeed\\\/avatar\\\/47c8dad2b3d1e5a67a60511c7d650646.jpg?ver=1776256571\",\"url\":\"https:\\\/\\\/intraco.es\\\/wp-content\\\/litespeed\\\/avatar\\\/47c8dad2b3d1e5a67a60511c7d650646.jpg?ver=1776256571\",\"contentUrl\":\"https:\\\/\\\/intraco.es\\\/wp-content\\\/litespeed\\\/avatar\\\/47c8dad2b3d1e5a67a60511c7d650646.jpg?ver=1776256571\",\"caption\":\"Render Intraco\"}}]}<\/script>\n<!-- \/ Yoast SEO plugin. -->","yoast_head_json":{"title":"ISO 9001. Qualit\u00e4tszertifikat","description":"Wir arbeiten daran, die Qualit\u00e4t unserer Dienstleistungen sicherzustellen. Unser Engagement f\u00fcr Qualit\u00e4t wird durch die Zertifizierung nach ISO 9001 best\u00e4tigt.","robots":{"index":"noindex","follow":"nofollow"},"og_locale":"de_DE","og_type":"article","og_title":"ISO 9001. Qualit\u00e4tszertifikat","og_description":"Wir arbeiten daran, die Qualit\u00e4t unserer Dienstleistungen sicherzustellen. Unser Engagement f\u00fcr Qualit\u00e4t wird durch die Zertifizierung nach ISO 9001 best\u00e4tigt.","og_url":"https:\/\/intraco.es\/iso-9001\/","og_site_name":"Intraco","article_modified_time":"2023-02-13T15:35:49+00:00","og_image":[{"url":"https:\/\/intraco.es\/wp-content\/uploads\/logo-iso-9001-blanco.svg","type":"","width":"","height":""}],"twitter_card":"summary_large_image","twitter_misc":{"Gesch\u00e4tzte Lesezeit":"2\u00a0Minuten"},"schema":{"@context":"https:\/\/schema.org","@graph":[{"@type":"Article","@id":"https:\/\/intraco.es\/iso-9001\/#article","isPartOf":{"@id":"https:\/\/intraco.es\/iso-9001\/"},"author":{"name":"Render Intraco","@id":"https:\/\/intraco.es\/#\/schema\/person\/c337528cadcec0181246dcde629129c4"},"headline":"Iso 9001","datePublished":"2023-01-02T14:22:40+00:00","dateModified":"2023-02-13T15:35:49+00:00","mainEntityOfPage":{"@id":"https:\/\/intraco.es\/iso-9001\/"},"wordCount":358,"publisher":{"@id":"https:\/\/intraco.es\/#organization"},"image":{"@id":"https:\/\/intraco.es\/iso-9001\/#primaryimage"},"thumbnailUrl":"https:\/\/intraco.es\/wp-content\/uploads\/logo-iso-9001-blanco.svg","inLanguage":"de"},{"@type":"WebPage","@id":"https:\/\/intraco.es\/iso-9001\/","url":"https:\/\/intraco.es\/iso-9001\/","name":"ISO 9001. Qualit\u00e4tszertifikat","isPartOf":{"@id":"https:\/\/intraco.es\/#website"},"primaryImageOfPage":{"@id":"https:\/\/intraco.es\/iso-9001\/#primaryimage"},"image":{"@id":"https:\/\/intraco.es\/iso-9001\/#primaryimage"},"thumbnailUrl":"https:\/\/intraco.es\/wp-content\/uploads\/logo-iso-9001-blanco.svg","datePublished":"2023-01-02T14:22:40+00:00","dateModified":"2023-02-13T15:35:49+00:00","description":"Wir arbeiten daran, die Qualit\u00e4t unserer Dienstleistungen sicherzustellen. Unser Engagement f\u00fcr Qualit\u00e4t wird durch die Zertifizierung nach ISO 9001 best\u00e4tigt.","breadcrumb":{"@id":"https:\/\/intraco.es\/iso-9001\/#breadcrumb"},"inLanguage":"de","potentialAction":[{"@type":"ReadAction","target":["https:\/\/intraco.es\/iso-9001\/"]}]},{"@type":"ImageObject","inLanguage":"de","@id":"https:\/\/intraco.es\/iso-9001\/#primaryimage","url":"https:\/\/intraco.es\/wp-content\/uploads\/logo-iso-9001-blanco.svg","contentUrl":"https:\/\/intraco.es\/wp-content\/uploads\/logo-iso-9001-blanco.svg"},{"@type":"BreadcrumbList","@id":"https:\/\/intraco.es\/iso-9001\/#breadcrumb","itemListElement":[{"@type":"ListItem","position":1,"name":"Portada","item":"https:\/\/intraco.es\/de\/start\/"},{"@type":"ListItem","position":2,"name":"Iso 9001"}]},{"@type":"WebSite","@id":"https:\/\/intraco.es\/#website","url":"https:\/\/intraco.es\/","name":"Intraco","description":"Operador log\u00edstico de transporte internacional","publisher":{"@id":"https:\/\/intraco.es\/#organization"},"alternateName":"Intraco S.L.U.","potentialAction":[{"@type":"SearchAction","target":{"@type":"EntryPoint","urlTemplate":"https:\/\/intraco.es\/?s={search_term_string}"},"query-input":{"@type":"PropertyValueSpecification","valueRequired":true,"valueName":"search_term_string"}}],"inLanguage":"de"},{"@type":"Organization","@id":"https:\/\/intraco.es\/#organization","name":"Intraco","alternateName":"Intraco S.L.U.","url":"https:\/\/intraco.es\/","logo":{"@type":"ImageObject","inLanguage":"de","@id":"https:\/\/intraco.es\/#\/schema\/logo\/image\/","url":"https:\/\/intraco.es\/wp-content\/uploads\/cropped-fav-icon-intraco.png","contentUrl":"https:\/\/intraco.es\/wp-content\/uploads\/cropped-fav-icon-intraco.png","width":142,"height":127,"caption":"Intraco"},"image":{"@id":"https:\/\/intraco.es\/#\/schema\/logo\/image\/"}},{"@type":"Person","@id":"https:\/\/intraco.es\/#\/schema\/person\/c337528cadcec0181246dcde629129c4","name":"Render Intraco","image":{"@type":"ImageObject","inLanguage":"de","@id":"https:\/\/intraco.es\/wp-content\/litespeed\/avatar\/47c8dad2b3d1e5a67a60511c7d650646.jpg?ver=1776256571","url":"https:\/\/intraco.es\/wp-content\/litespeed\/avatar\/47c8dad2b3d1e5a67a60511c7d650646.jpg?ver=1776256571","contentUrl":"https:\/\/intraco.es\/wp-content\/litespeed\/avatar\/47c8dad2b3d1e5a67a60511c7d650646.jpg?ver=1776256571","caption":"Render Intraco"}}]}},"_links":{"self":[{"href":"https:\/\/intraco.es\/de\/wp-json\/wp\/v2\/pages\/2997","targetHints":{"allow":["GET"]}}],"collection":[{"href":"https:\/\/intraco.es\/de\/wp-json\/wp\/v2\/pages"}],"about":[{"href":"https:\/\/intraco.es\/de\/wp-json\/wp\/v2\/types\/page"}],"author":[{"embeddable":true,"href":"https:\/\/intraco.es\/de\/wp-json\/wp\/v2\/users\/1"}],"replies":[{"embeddable":true,"href":"https:\/\/intraco.es\/de\/wp-json\/wp\/v2\/comments?post=2997"}],"version-history":[{"count":3,"href":"https:\/\/intraco.es\/de\/wp-json\/wp\/v2\/pages\/2997\/revisions"}],"predecessor-version":[{"id":3001,"href":"https:\/\/intraco.es\/de\/wp-json\/wp\/v2\/pages\/2997\/revisions\/3001"}],"wp:attachment":[{"href":"https:\/\/intraco.es\/de\/wp-json\/wp\/v2\/media?parent=2997"}],"curies":[{"name":"wp","href":"https:\/\/api.w.org\/{rel}","templated":true}]}}